{"id":3485,"date":"2022-11-19T03:27:05","date_gmt":"2022-11-19T03:27:05","guid":{"rendered":"https:\/\/sunshine.webdesigndemo.de\/contact-us\/"},"modified":"2025-07-15T12:58:47","modified_gmt":"2025-07-15T12:58:47","slug":"contacto","status":"publish","type":"page","link":"https:\/\/sunshine.webdesigndemo.de\/es\/contacto\/","title":{"rendered":"Contacta con nosotros"},"content":{"rendered":"\t\t<div data-elementor-type=\"wp-page\" data-elementor-id=\"3485\" class=\"elementor elementor-3485 elementor-67\" data-elementor-post-type=\"page\">\n\t\t\t\t<div class=\"elementor-element elementor-element-ad8b8cf e-flex e-con-boxed kitify-col-width-auto-no ignore-docs-style-no kitify-disable-relative-no e-root-container elementor-top-section e-con e-parent\" data-id=\"ad8b8cf\" data-element_type=\"container\">\n\t\t\t\t\t<div class=\"e-con-inner\">\n\t\t\t\t<div class=\"elementor-element elementor-element-8511f7d kitify-breadcrumbs-page-title-yes elementor-widget kitify elementor-kitify-breadcrumbs\" data-id=\"8511f7d\" data-element_type=\"widget\" data-widget_type=\"kitify-breadcrumbs.default\">\n\t\t\t\t<div class=\"elementor-widget-container\">\n\t\t\t\t\t\n\t\t<div class=\"kitify-breadcrumbs\">\n\t\t<div class=\"kitify-breadcrumbs__content\">\n\t\t<div class=\"kitify-breadcrumbs__wrap\"><div class=\"kitify-breadcrumbs__item\"><a href=\"https:\/\/sunshine.webdesigndemo.de\/es\/\" class=\"kitify-breadcrumbs__item-link is-home\" rel=\"home\" title=\"Home\">Home<\/a><\/div>\n\t\t<\/div>\n\t\t<\/div>\n\t\t<\/div>\t\t\t\t<\/div>\n\t\t\t\t<\/div>\n\t\t\t\t\t<\/div>\n\t\t\t\t<\/div>\n\t\t<div class=\"elementor-element elementor-element-df45fbb e-flex e-con-boxed kitify-col-width-auto-no ignore-docs-style-no kitify-disable-relative-no e-root-container elementor-top-section e-con e-parent\" data-id=\"df45fbb\" data-element_type=\"container\">\n\t\t\t\t\t<div class=\"e-con-inner\">\n\t\t<div class=\"elementor-element elementor-element-56265ee e-con-full e-flex kitify-col-width-auto-no ignore-docs-style-no kitify-disable-relative-no e-con e-child\" data-id=\"56265ee\" data-element_type=\"container\">\n\t\t\t\t<div class=\"elementor-element elementor-element-acc32b9 elementor-invisible kitify-has-entrance-animation elementor-widget kitify elementor-kitify-google-maps\" data-id=\"acc32b9\" data-element_type=\"widget\" data-settings=\"{&quot;_animation&quot;:&quot;kitifyShortFadeInUp&quot;}\" data-widget_type=\"kitify-google-maps.default\">\n\t\t\t\t<div class=\"elementor-widget-container\">\n\t\t\t\t\t<div class=\"kitify-gmap kitify-gmap-message\"><div class=\"kitify-gmap-message__dammy-map\"><\/div><span class=\"kitify-gmap-message__text\">Please set Google maps API key before using this widget.<\/span><\/div>\t\t\t\t<\/div>\n\t\t\t\t<\/div>\n\t\t\t\t<\/div>\n\t\t<div class=\"elementor-element elementor-element-ebb1dec e-con-full e-flex kitify-col-width-auto-no ignore-docs-style-no kitify-disable-relative-no e-con e-child\" data-id=\"ebb1dec\" data-element_type=\"container\">\n\t\t\t\t<div class=\"elementor-element elementor-element-365ad5b elementor-invisible kitify-has-entrance-animation elementor-widget elementor-widget-heading\" data-id=\"365ad5b\" data-element_type=\"widget\" data-settings=\"{&quot;_animation&quot;:&quot;kitifyShortFadeInUp&quot;,&quot;_animation_delay&quot;:400}\" data-widget_type=\"heading.default\">\n\t\t\t\t<div class=\"elementor-widget-container\">\n\t\t\t\t\t<h2 class=\"elementor-heading-title elementor-size-default\">Ubicaciones de Sucursales<\/h2>\t\t\t\t<\/div>\n\t\t\t\t<\/div>\n\t\t\t\t<div class=\"elementor-element elementor-element-9254be9 elementor-invisible kitify-has-entrance-animation elementor-widget elementor-widget-heading\" data-id=\"9254be9\" data-element_type=\"widget\" data-settings=\"{&quot;_animation&quot;:&quot;kitifyShortFadeInUp&quot;,&quot;_animation_delay&quot;:500}\" data-widget_type=\"heading.default\">\n\t\t\t\t<div class=\"elementor-widget-container\">\n\t\t\t\t\t<p class=\"elementor-heading-title elementor-size-default\">Nuestras sucursales est\u00e1n ubicadas estrat\u00e9gicamente en Alemania y Estados Unidos, lo que facilita que nos contactes en cualquier momento. Vis\u00edtanos en persona o ll\u00e1manos por tel\u00e9fono: estaremos encantados de ayudarte.<\/p>\t\t\t\t<\/div>\n\t\t\t\t<\/div>\n\t\t<div class=\"elementor-element elementor-element-1e9dd2b e-con-full e-flex kitify-col-width-auto-no ignore-docs-style-no kitify-disable-relative-no elementor-invisible kitify-has-entrance-animation e-con e-child\" data-id=\"1e9dd2b\" data-element_type=\"container\" data-settings=\"{&quot;animation&quot;:&quot;kitifyShortFadeInUp&quot;,&quot;animation_delay&quot;:600}\">\n\t\t<div class=\"elementor-element elementor-element-85d51d9 e-con-full e-flex kitify-col-width-auto-no ignore-docs-style-no kitify-disable-relative-no e-con e-child\" data-id=\"85d51d9\" data-element_type=\"container\">\n\t\t\t\t<div class=\"elementor-element elementor-element-72ea8a9 elementor-widget elementor-widget-heading\" data-id=\"72ea8a9\" data-element_type=\"widget\" data-widget_type=\"heading.default\">\n\t\t\t\t<div class=\"elementor-widget-container\">\n\t\t\t\t\t<h4 class=\"elementor-heading-title elementor-size-default\">Sucursal en Alemania\n<\/h4>\t\t\t\t<\/div>\n\t\t\t\t<\/div>\n\t\t\t\t<div class=\"elementor-element elementor-element-deb7cce elementor-widget elementor-widget-text-editor\" data-id=\"deb7cce\" data-element_type=\"widget\" data-widget_type=\"text-editor.default\">\n\t\t\t\t<div class=\"elementor-widget-container\">\n\t\t\t\t\t\t\t\t\t<p data-start=\"293\" data-end=\"410\">Calle 15h n\u00ba 785, Oficina 478\/B Green<br data-start=\"351\" data-end=\"354\">Mall Berl\u00edn, DE 81566<br data-start=\"375\" data-end=\"378\">+888 999 777 66, +999 555 666 00<\/p>\t\t\t\t\t\t\t\t<\/div>\n\t\t\t\t<\/div>\n\t\t\t\t<\/div>\n\t\t<div class=\"elementor-element elementor-element-f58e6aa e-con-full e-flex kitify-col-width-auto-no ignore-docs-style-no kitify-disable-relative-no e-con e-child\" data-id=\"f58e6aa\" data-element_type=\"container\">\n\t\t\t\t<div class=\"elementor-element elementor-element-479e259 elementor-widget elementor-widget-heading\" data-id=\"479e259\" data-element_type=\"widget\" data-widget_type=\"heading.default\">\n\t\t\t\t<div class=\"elementor-widget-container\">\n\t\t\t\t\t<h4 class=\"elementor-heading-title elementor-size-default\">Sucursal en Nueva York\n<\/h4>\t\t\t\t<\/div>\n\t\t\t\t<\/div>\n\t\t\t\t<div class=\"elementor-element elementor-element-ea2364b elementor-widget elementor-widget-text-editor\" data-id=\"ea2364b\" data-element_type=\"widget\" data-widget_type=\"text-editor.default\">\n\t\t\t\t<div class=\"elementor-widget-container\">\n\t\t\t\t\t\t\t\t\t<p data-start=\"412\" data-end=\"527\">12\/A, New Boston Tower, Nueva York<br data-start=\"467\" data-end=\"470\">Estados Unidos, NY<br data-start=\"492\" data-end=\"495\">+888 999 777 66, +999 555 666 00<\/p>\t\t\t\t\t\t\t\t<\/div>\n\t\t\t\t<\/div>\n\t\t\t\t<\/div>\n\t\t\t\t<\/div>\n\t\t<div class=\"elementor-element elementor-element-0d3b2eb e-con-full e-flex kitify-col-width-auto-no ignore-docs-style-no kitify-disable-relative-no elementor-invisible kitify-has-entrance-animation e-con e-child\" data-id=\"0d3b2eb\" data-element_type=\"container\" data-settings=\"{&quot;animation&quot;:&quot;kitifyShortFadeInUp&quot;,&quot;animation_delay&quot;:700}\">\n\t\t<div class=\"elementor-element elementor-element-939379f e-con-full e-flex kitify-col-width-auto-no ignore-docs-style-no kitify-disable-relative-no e-con e-child\" data-id=\"939379f\" data-element_type=\"container\" data-settings=\"{&quot;animation&quot;:&quot;none&quot;,&quot;animation_delay&quot;:700}\">\n\t\t\t\t<div class=\"elementor-element elementor-element-3c74bf4 elementor-widget elementor-widget-heading\" data-id=\"3c74bf4\" data-element_type=\"widget\" data-widget_type=\"heading.default\">\n\t\t\t\t<div class=\"elementor-widget-container\">\n\t\t\t\t\t<h4 class=\"elementor-heading-title elementor-size-default\">Oficina secundaria<\/h4>\t\t\t\t<\/div>\n\t\t\t\t<\/div>\n\t\t\t\t<div class=\"elementor-element elementor-element-9ed75a6 elementor-widget elementor-widget-text-editor\" data-id=\"9ed75a6\" data-element_type=\"widget\" data-widget_type=\"text-editor.default\">\n\t\t\t\t<div class=\"elementor-widget-container\">\n\t\t\t\t\t\t\t\t\t<p data-start=\"529\" data-end=\"638\">Calle 15h n\u00ba 785, Oficina 478\/B Green<br data-start=\"579\" data-end=\"582\">Mall Berl\u00edn, DE 81566<br data-start=\"603\" data-end=\"606\">+888 999 777 66, +999 555 666 00<\/p>\t\t\t\t\t\t\t\t<\/div>\n\t\t\t\t<\/div>\n\t\t\t\t<\/div>\n\t\t<div class=\"elementor-element elementor-element-300ea72 e-con-full e-flex kitify-col-width-auto-no ignore-docs-style-no kitify-disable-relative-no e-con e-child\" data-id=\"300ea72\" data-element_type=\"container\">\n\t\t\t\t<div class=\"elementor-element elementor-element-1ece6f6 elementor-widget elementor-widget-heading\" data-id=\"1ece6f6\" data-element_type=\"widget\" data-widget_type=\"heading.default\">\n\t\t\t\t<div class=\"elementor-widget-container\">\n\t\t\t\t\t<h4 class=\"elementor-heading-title elementor-size-default\">Oficina comercial\n<\/h4>\t\t\t\t<\/div>\n\t\t\t\t<\/div>\n\t\t\t\t<div class=\"elementor-element elementor-element-0535cc5 elementor-widget elementor-widget-text-editor\" data-id=\"0535cc5\" data-element_type=\"widget\" data-widget_type=\"text-editor.default\">\n\t\t\t\t<div class=\"elementor-widget-container\">\n\t\t\t\t\t\t\t\t\t<div class=\"flex max-w-full flex-col grow\"><div class=\"min-h-8 text-message relative flex w-full flex-col items-end gap-2 text-start break-words whitespace-normal [.text-message+&amp;]:mt-5\" dir=\"auto\" data-message-author-role=\"assistant\" data-message-id=\"e5919e95-3b4c-4a92-82f3-da6ff2e5ae02\" data-message-model-slug=\"gpt-4o\"><div class=\"flex w-full flex-col gap-1 empty:hidden first:pt-[3px]\"><div class=\"markdown prose dark:prose-invert w-full break-words light\"><p data-start=\"640\" data-end=\"749\" data-is-last-node=\"\" data-is-only-node=\"\">12\/A, New Boston Tower, Nueva York<br data-start=\"689\" data-end=\"692\">Estados Unidos, NY<br data-start=\"714\" data-end=\"717\">+888 999 777 66, +999 555 666 00<br><br><br>Ask ChatGPT<\/p><\/div><\/div><\/div><\/div>\t\t\t\t\t\t\t\t<\/div>\n\t\t\t\t<\/div>\n\t\t\t\t<\/div>\n\t\t\t\t<\/div>\n\t\t\t\t<\/div>\n\t\t\t\t\t<\/div>\n\t\t\t\t<\/div>\n\t\t\t\t<\/div>\n\t\t","protected":false},"excerpt":{"rendered":"<p>Home Please set Google maps API key before using this widget. Ubicaciones de Sucursales Nuestras sucursales est\u00e1n ubicadas estrat\u00e9gicamente en Alemania y Estados Unidos, lo que facilita que nos contactes en cualquier momento. Vis\u00edtanos en persona o ll\u00e1manos por tel\u00e9fono: estaremos encantados de ayudarte. Sucursal en Alemania Calle 15h n\u00ba 785, Oficina 478\/B GreenMall Berl\u00edn, DE 81566+888 999 777 66,\u2026<\/p>\n","protected":false},"author":1,"featured_media":0,"parent":0,"menu_order":0,"comment_status":"closed","ping_status":"closed","template":"elementor_header_footer","meta":{"footnotes":""},"class_list":["post-3485","page","type-page","status-publish","hentry"],"_links":{"self":[{"href":"https:\/\/sunshine.webdesigndemo.de\/es\/wp-json\/wp\/v2\/pages\/3485","targetHints":{"allow":["GET"]}}],"collection":[{"href":"https:\/\/sunshine.webdesigndemo.de\/es\/wp-json\/wp\/v2\/pages"}],"about":[{"href":"https:\/\/sunshine.webdesigndemo.de\/es\/wp-json\/wp\/v2\/types\/page"}],"author":[{"embeddable":true,"href":"https:\/\/sunshine.webdesigndemo.de\/es\/wp-json\/wp\/v2\/users\/1"}],"replies":[{"embeddable":true,"href":"https:\/\/sunshine.webdesigndemo.de\/es\/wp-json\/wp\/v2\/comments?post=3485"}],"version-history":[{"count":4,"href":"https:\/\/sunshine.webdesigndemo.de\/es\/wp-json\/wp\/v2\/pages\/3485\/revisions"}],"predecessor-version":[{"id":3540,"href":"https:\/\/sunshine.webdesigndemo.de\/es\/wp-json\/wp\/v2\/pages\/3485\/revisions\/3540"}],"wp:attachment":[{"href":"https:\/\/sunshine.webdesigndemo.de\/es\/wp-json\/wp\/v2\/media?parent=3485"}],"curies":[{"name":"wp","href":"https:\/\/api.w.org\/{rel}","templated":true}]}}